{"id":1114,"date":"2014-10-24T20:20:38","date_gmt":"2014-10-24T19:20:38","guid":{"rendered":"http:\/\/www.petervuust.dk\/?page_id=1114"},"modified":"2024-10-09T20:40:02","modified_gmt":"2024-10-09T19:40:02","slug":"musik-pa-recept-2","status":"publish","type":"page","link":"http:\/\/www.petervuust.dk\/?page_id=1114","title":{"rendered":"Musik p\u00e5 recept"},"content":{"rendered":"<h3>Kort&nbsp;beskrivelse<\/h3>\n<p>Har musik en helbredende effekt? Og har musik en gavnlig virkning p\u00e5 vores intelligens, trivsel og mentale sundhed? Peter Vuust giver i dette foredrag et overblik over de seneste \u00e5rs forskning i sammenh\u00e6ngen mellem musik og intelligens, sundhed og trivsel. Han fort\u00e6ller bl.a. om musiks virkning p\u00e5 vores smerteopfattelse og om hvorfor Parkinson-patienter har letter ved at bev\u00e6ge sig til musik.<\/p>\n<p>&nbsp;<\/p>\n<h3>Lang&nbsp;beskrivelse<\/h3>\n<p>Har musik en helbredende effekt? Har musik en gavnlig virkning p\u00e5 vores intelligens, trivsel og mentale sundhed?<\/p>\n<p>I de seneste \u00e5r har en \u00e5rhundredegammel debat om, hvordan musik p\u00e5virker vores krop og sind, f\u00e5et fornyet energi. Det skyldes nye forskningsresultater fra hjerneforskere rundt om i verden, en stigende anvendelse af musik i klinisk sammenh\u00e6ng og ny viden om sammenh\u00e6ngen mellem musik og intelligens.<\/p>\n<p>F.eks. vakte den amerikanske forsker Frances Rauscher furore, da hun i 1993 publicerede en artikel om den s\u00e5kaldte Mozart-effekt i det anerkendte videnskabelige tidsskrift Nature: efter at have h\u00f8rt musik af Mozart klarede en gruppe amerikanske collegestuderende sig bedre i en intelligenstest end andre grupper af studerende, der havde siddet i stilhed eller lyttet til afslapningsmusik.<\/p>\n<p>Peter Vuust fort\u00e6ller i dette foredrag bl.a. om Mozart-effekten og giver et overblik over de seneste tyve \u00e5rs forskning i sammenh\u00e6ngen mellem musik og intelligens, sundhed og trivsel. Foredraget pr\u00e6senterer ny viden om musik og musikalsk tr\u00e6nings effekt p\u00e5 intelligens, motorik, smerteopfattelse, sindstilstand og s\u00f8vn. Peter Vuust fokuserer desuden p\u00e5 den \u00f8gede brug af musik i klinisk sammenh\u00e6ng, med udgangspunkt i en ny hvidbog om emnet, udgivet af hans forskergruppe Music In The Brain p\u00e5 Aarhus Universitet:<\/p>\n<ul>\n<li>Vi kan konstatere, at musik virker p\u00e5 vores opfattelse af smerte. Musik neds\u00e6tter f.eks. smertef\u00f8lelsen og \u00f8ger fysisk bev\u00e6gelighed hos fibromyalgi-patienter<\/li>\n<li>Musik har en positiv effekt p\u00e5 personer med autisme<\/li>\n<li>Tilsyneladende har Parkinson-patienter lettere ved at bev\u00e6ge sig til musik end uden<\/li>\n<li>Forskere bruger trommes\u00e6t til genoptr\u00e6ning af halvsidigt lammede efter et slagtilf\u00e6lde<\/li>\n<li>Med et Cochlear-implantat kan man g\u00f8re d\u00f8ve h\u00f8rende. Der forskes nu i at anvende musik som del af genoptr\u00e6ningen efter en Cochlear-operation<\/li>\n<\/ul>\n<p>Peter Vuust pr\u00e6senterer et kritisk, forskningsbaseret perspektiv p\u00e5 anvendelsen af musik i en klinisk sammenh\u00e6ng: P\u00e5 hvilke omr\u00e5der har musikken en reel virkning, og hvor god er evidensen?<\/p>\n<p>I et bredere perspektiv er det alment anerkendt, at musik generelt har en positiv virkning p\u00e5 sundhed og trivsel. Unders\u00f8gelser viser f.eks., at musik kan reducere stress og \u00f8ge effekten af fysisk tr\u00e6ning. Desuden kan musik medvirke til at opretholde god motorik, velbefindende og \u00e5ndsfriskhed hos \u00e6ldre.<\/p>\n<p>Alt i alt \u00e5bner den nyeste forskning sp\u00e6ndende perspektiver for forst\u00e5elsen af sammenh\u00e6ngen mellem musik, sundhed, intelligens og trivsel og for anvendelsen af musik i klinisk sammenh\u00e6ng. Musik er p\u00e5 mange omr\u00e5der et effektivt og fleksibelt supplement til traditionel medicinsk behandling og har en r\u00e6kke fordele: den er billig i brug, kan tilpasses den individuelle patient og har ingen sideeffekter. I disse \u00e5r \u00e6ndrer sundhedssystemets holdning til musik sig derfor gradvist fra et \u201dnice to have\u201d til et \u201dneed to have\u201d. I dette foredrag tegner Peter Vuust de store linjer for samspillet mellem musik og sundhed. Han fort\u00e6ller b\u00e5de om de anvendelsesomr\u00e5der, hvor vi allerede har sikker viden om musiks positive effekt, og om de omr\u00e5der, hvor der stadig er behov for mere forskning.<\/p>\n","protected":false},"excerpt":{"rendered":"<p>Kort&nbsp;beskrivelse Har musik en helbredende effekt? Og har musik en gavnlig virkning p\u00e5 vores intelligens, trivsel og mentale sundhed? Peter Vuust giver i dette foredrag&#8230;<\/p>\n<div class=\"more-link-wrapper\"><a class=\"more-link\" href=\"http:\/\/www.petervuust.dk\/?page_id=1114\">Continue Reading<span class=\"screen-reader-text\">Musik p\u00e5 recept<\/span><\/a><\/div>\n","protected":false},"author":1,"featured_media":0,"parent":28,"menu_order":0,"comment_status":"closed","ping_status":"open","template":"","meta":{"ngg_post_thumbnail":0},"_links":{"self":[{"href":"http:\/\/www.petervuust.dk\/index.php?rest_route=\/wp\/v2\/pages\/1114"}],"collection":[{"href":"http:\/\/www.petervuust.dk\/index.php?rest_route=\/wp\/v2\/pages"}],"about":[{"href":"http:\/\/www.petervuust.dk\/index.php?rest_route=\/wp\/v2\/types\/page"}],"author":[{"embeddable":true,"href":"http:\/\/www.petervuust.dk\/index.php?rest_route=\/wp\/v2\/users\/1"}],"replies":[{"embeddable":true,"href":"http:\/\/www.petervuust.dk\/index.php?rest_route=%2Fwp%2Fv2%2Fcomments&post=1114"}],"version-history":[{"count":3,"href":"http:\/\/www.petervuust.dk\/index.php?rest_route=\/wp\/v2\/pages\/1114\/revisions"}],"predecessor-version":[{"id":1836,"href":"http:\/\/www.petervuust.dk\/index.php?rest_route=\/wp\/v2\/pages\/1114\/revisions\/1836"}],"up":[{"embeddable":true,"href":"http:\/\/www.petervuust.dk\/index.php?rest_route=\/wp\/v2\/pages\/28"}],"wp:attachment":[{"href":"http:\/\/www.petervuust.dk\/index.php?rest_route=%2Fwp%2Fv2%2Fmedia&parent=1114"}],"curies":[{"name":"wp","href":"https:\/\/api.w.org\/{rel}","templated":true}]}}