{"id":1118,"date":"2014-10-24T20:23:51","date_gmt":"2014-10-24T19:23:51","guid":{"rendered":"http:\/\/www.petervuust.dk\/?page_id=1118"},"modified":"2024-10-09T20:40:45","modified_gmt":"2024-10-09T19:40:45","slug":"lytte-laere-lede-foredrag-om-ledelse","status":"publish","type":"page","link":"http:\/\/www.petervuust.dk\/?page_id=1118","title":{"rendered":"Lytte l\u00e6re lede \u2013 foredrag om ledelse"},"content":{"rendered":"<h3>Kort beskrivelse<\/h3>\n<p>Hvordan bliver du en god chef? If\u00f8lge Peter Vuust handler det om tre ting: lytte, l\u00e6re, lede. Dy skal lytte: tr\u00e6n din lydh\u00f8rhed, v\u00e6r til stede i situationen og lyt til kritik. Du skal l\u00e6re: talent er ingenting uden tr\u00e6ning, v\u00e6r god til detaljen med glem aldrig de store linjer. Du skal lede: du er komponisten, men du skal slippe kontrollen for at f\u00e5 et godt resultat, og du skal kunne improvisere sammen med dine medarbejdere. Foredraget henvender sig til alle ledere, der \u00f8nsker at blive rigtig dygtige til noget \u2013 b\u00e5de alene og sammen med andre.<\/p>\n<p>&nbsp;<\/p>\n<h3>Lang beskrivelse<\/h3>\n<p>Hvordan bliver du en god chef? If\u00f8lge Peter Vuust skal du kunne tre ting: lytte, l\u00e6re, lede.<\/p>\n<p>Peter Vuust er internationalt anerkendt hjerneforsker, jazzmusiker, maratonl\u00f8ber og leder. Hans unikke evne til at fusionere tr\u00e6ning og disciplin med improvisation og \u00e5benhed har gjort ham i stand til at k\u00f8re tre succesfulde karrierer p\u00e5 samme tid: musiker, forsker og chef.<\/p>\n<p>I dette foredrag, der b\u00e5de handler om ledelse og selvudvikling, deler han ud af sin viden og erfaring.<\/p>\n<p>Peter Vuust er jazz-bassist i verdensklasse og har medvirket p\u00e5 flere end 80 pladeindspilninger. Fra musikkens verden pr\u00e6senterer han indsigter, der hviler p\u00e5 den professionelle musikers ambition om at blive den bedste p\u00e5 sit instrument, det totale fokus p\u00e5 pr\u00e6station og \u00f8veteknikker for at opn\u00e5 det ypperste. Dertil kommer jazzmusikerens helt s\u00e6rlige talent for at improvisere, dvs. l\u00e6gge den h\u00e5rde \u00f8vedisciplin til side og v\u00e6re til stede p\u00e5 scenen, i \u00f8jeblikket.<\/p>\n<p>Fra Peter Vuusts hjerneforskning kommer indsigter om hjernens udvikling og aldring, emotionelle processering og indl\u00e6rings-strategier. Det handler om hjernens anatomi og funktioner, foruds\u00e6tninger for l\u00e6ring, og neurokemiske motivations- og bel\u00f8nningsmekanismer. Under dette ligger nogle generelle principper og mekanismer, der sikrer, at vi, som biologiske v\u00e6sener, har helt exceptionelle foruds\u00e6tninger for at l\u00e6re og forandres \u2013 det vi kalder hjernens plasticitet &#8211; altsammen grundl\u00e6ggende for bedre at kunne overleve.<\/p>\n<p>Fra Peter Vuusts baggrund som orkesterleder, professor p\u00e5 Det Jyske Musikkonservatorium og leder af Aarhus Universitets forskergruppe Music In the Brain, kommer viden om, hvordan man leder og motiverer h\u00f8jt kvalificerede og specialiserede medarbejdere. Og hvordan man b\u00e5de som personaleleder og som komponist kun kommer i m\u00e5l med sine visioner, hvis man mestrer balancen mellem kontrol og ingen kontrol, pr\u00e6cision og det skitseagtige, det forudsigelige og det overraskende.<\/p>\n<p>\u201dLytte L\u00e6re Lede\u201d henvender sig til ledere, der \u00f8nsker at blive rigtig dygtige til noget \u2013 b\u00e5de alene og sammen med andre.<\/p>\n<p>Lytte<br \/>\n&#8211; tr\u00e6n din lydh\u00f8rhed &#8211; v\u00e6r til stede i situationen &#8211; lyt til kritik &#8211; brug pausens kraft<\/p>\n<p>L\u00e6re<br \/>\n\u2013 \u00f8ve, \u00f8ve, \u00f8ve &#8211; talent er ingenting uden tr\u00e6ning &#8211; v\u00e6r god til detaljen men glem aldrig de store linjer &#8211; stj\u00e6l fra andre &#8211; glem alt det du har l\u00e6rt n\u00e5r du st\u00e5r p\u00e5 scenen<\/p>\n<p>Lede<br \/>\n\u2013 du er komponisten, men du skal slippe kontrollen for at f\u00e5 et godt resultat &#8211; du s\u00e6tter rammen men lad de andre fylde den ud &#8211; du skal kunne improvisere sammen med dine medarbejdere<\/p>\n","protected":false},"excerpt":{"rendered":"<p>Kort beskrivelse Hvordan bliver du en god chef? If\u00f8lge Peter Vuust handler det om tre ting: lytte, l\u00e6re, lede. Dy skal lytte: tr\u00e6n din lydh\u00f8rhed,&#8230;<\/p>\n<div class=\"more-link-wrapper\"><a class=\"more-link\" href=\"http:\/\/www.petervuust.dk\/?page_id=1118\">Continue Reading<span class=\"screen-reader-text\">Lytte l\u00e6re lede \u2013 foredrag om ledelse<\/span><\/a><\/div>\n","protected":false},"author":1,"featured_media":0,"parent":28,"menu_order":0,"comment_status":"closed","ping_status":"closed","template":"","meta":{"ngg_post_thumbnail":0},"_links":{"self":[{"href":"http:\/\/www.petervuust.dk\/index.php?rest_route=\/wp\/v2\/pages\/1118"}],"collection":[{"href":"http:\/\/www.petervuust.dk\/index.php?rest_route=\/wp\/v2\/pages"}],"about":[{"href":"http:\/\/www.petervuust.dk\/index.php?rest_route=\/wp\/v2\/types\/page"}],"author":[{"embeddable":true,"href":"http:\/\/www.petervuust.dk\/index.php?rest_route=\/wp\/v2\/users\/1"}],"replies":[{"embeddable":true,"href":"http:\/\/www.petervuust.dk\/index.php?rest_route=%2Fwp%2Fv2%2Fcomments&post=1118"}],"version-history":[{"count":1,"href":"http:\/\/www.petervuust.dk\/index.php?rest_route=\/wp\/v2\/pages\/1118\/revisions"}],"predecessor-version":[{"id":1119,"href":"http:\/\/www.petervuust.dk\/index.php?rest_route=\/wp\/v2\/pages\/1118\/revisions\/1119"}],"up":[{"embeddable":true,"href":"http:\/\/www.petervuust.dk\/index.php?rest_route=\/wp\/v2\/pages\/28"}],"wp:attachment":[{"href":"http:\/\/www.petervuust.dk\/index.php?rest_route=%2Fwp%2Fv2%2Fmedia&parent=1118"}],"curies":[{"name":"wp","href":"https:\/\/api.w.org\/{rel}","templated":true}]}}