{"id":1120,"date":"2014-10-24T20:26:09","date_gmt":"2014-10-24T19:26:09","guid":{"rendered":"http:\/\/www.petervuust.dk\/?page_id=1120"},"modified":"2020-08-16T17:06:47","modified_gmt":"2020-08-16T16:06:47","slug":"om-at-ove-sig","status":"publish","type":"page","link":"http:\/\/www.petervuust.dk\/?page_id=1120","title":{"rendered":"Om at \u00f8ve sig"},"content":{"rendered":"<h3>Kort beskrivelse<\/h3>\n<p>\u00d8velse g\u00f8r mester. Alle ved, at man skal \u00f8ve sig i lang tid for at blive rigtig dygtig til noget. Og man skal bruge meget mere tid \u2013 tusindvis af timer \u2013 hvis man skal v\u00e6re en mester p\u00e5 sit felt. De f\u00e6rreste ved imidlertid, hvordan man tilrettel\u00e6gger sin \u00f8vning, s\u00e5 man f\u00e5r st\u00f8rst muligt udbytte af sine anstrengelser. Det handler dette foredrag om: hvordan man \u00f8ver sig \u2013 i at \u00f8ve sig.<\/p>\n<p>&nbsp;<\/p>\n<h3>Lang beskrivelse<\/h3>\n<p>\u00d8velse g\u00f8r mester. Alle ved, at man skal \u00f8ve sig i lang tid for at blive rigtig dygtig til noget. Og man skal bruge meget mere tid &#8211; tusindvis af timer &#8211; hvis man skal v\u00e6re en mester p\u00e5 sit felt. De f\u00e6rreste ved imidlertid, hvordan man tilrettel\u00e6gger sin \u00f8vning, s\u00e5 man f\u00e5r st\u00f8rst muligt udbytte af sine anstrengelser. Det er hvad dette foredrag handler om: hvordan man \u00f8ver sig \u2013 i at \u00f8ve sig.<\/p>\n<p>Peter Vuust er jazzmusiker, hjerneforsker, maratonl\u00f8ber og golfspiller. I dette foredrag fort\u00e6ller han om optimale tr\u00e6nings- og \u00f8vestrategier. Peter Vuust tr\u00e6kker p\u00e5 sine erfaringer som musiker, musikp\u00e6dagog, forsker og sportsud\u00f8ver p\u00e5 h\u00f8jt niveau. Fra hjerneforskningen henter han viden om, hvad der sker med hjernen n\u00e5r musikere \u00f8ver sig, og fra idr\u00e6tsforskningen henter han viden om \u00f8veteknikker og tidsforbrug. Desuden pr\u00e6senterer han unders\u00f8gelser af musikstuderende og musikskoleelever, der klart viser, at jo flere timer eleverne \u00f8ver sig, jo bedre bliver de. Her er for\u00e6ldrenes opbakning, \u00f8konomiske status og musikalske baggrund underordnet. Det er timerne med instrumentet, der t\u00e6ller.<\/p>\n<p>I foredraget pr\u00e6senterer Peter Vuust en r\u00e6kke principper for den optimale \u00f8vning:<\/p>\n<ul>\n<li>\u00d8v det du ikke kan, frem for det du kan. Det er fristende at \u00f8ve det du allerede en god til. Det giver en kortsigtet succesoplevelse, men p\u00e5 lang sigt skal du fokusere p\u00e5 dine \u201d\u00f8mme punkter\u201d og fors\u00f8ge at forbedre dem. En sidegevinst ved denne strategi er, at du generelt styrker din psyke, n\u00e5r du direkte tackler det du har sv\u00e6rest ved.<\/li>\n<li>Lav en plan \u2013 og f\u00f8lg den. S\u00e6t pr\u00e6cise rammer for din \u00f8vning, b\u00e5de tidspunkt p\u00e5 dagen, varighed og indhold. V\u00e6lg f.eks. fire \u00f8velser og spil dem slavisk og uden at stille sp\u00f8rgsm\u00e5l i en periode.<\/li>\n<li>\u201dimitate \u2013 assimilate \u2013 innovate\u201d er et af jazztrompetisten Clark Terrys \u00f8veprincipper. Det g\u00e5r ud p\u00e5, at der skal v\u00e6re en balance mellem \u00f8velser, der sigter p\u00e5 at efterligne hvad andre g\u00f8r, og \u00f8velser, der tr\u00e6ner dig i at improvisere og skabe noget nyt. Eller sagt p\u00e5 en anden m\u00e5de: der skal v\u00e6re en balance mellem tekniske \u00f8velser og \u00f8velser, der sigter mod at udvikle dit musikalske sprog.<\/li>\n<li>Helhed og detalje. \u00d8vningen skal veksle mellem et sn\u00e6vert fokus p\u00e5 korte passager og tekniske udfordringer p\u00e5 den ene side, og p\u00e5 den anden side musikstykket i sin helhed.<\/li>\n<\/ul>\n<p>Til sidst i foredraget fort\u00e6ller Peter Vuust om nogle af de fremtidsperspektiver, som den nyeste hjerneforskning \u00e5bner for musikeres \u00f8vning. Om nogle \u00e5r vil vi ved hj\u00e6lp af nye hjernescanningsteknikker sandsynligvis kunne udvikle neuro-p\u00e6dagogiske metoder til at opdage styrker og svagheder hos den enkelte musikstuderende. Forskere arbejder f.eks. allerede nu med videnskabeligt baserede \u00f8vestrategier, hvor man monitorerer sin egen hjerneaktivitet mens man \u00f8ver sig. Man eksperimenterer ogs\u00e5 med mental \u00f8vning, dvs. at \u00f8ve uden instrument, men blot forestille sig at man har sit instrument i h\u00e5nden.<\/p>\n","protected":false},"excerpt":{"rendered":"<p>Kort beskrivelse \u00d8velse g\u00f8r mester. Alle ved, at man skal \u00f8ve sig i lang tid for at blive rigtig dygtig til noget. Og man skal&#8230;<\/p>\n<div class=\"more-link-wrapper\"><a class=\"more-link\" href=\"http:\/\/www.petervuust.dk\/?page_id=1120\">Continue Reading<span class=\"screen-reader-text\">Om at \u00f8ve sig<\/span><\/a><\/div>\n","protected":false},"author":1,"featured_media":0,"parent":28,"menu_order":0,"comment_status":"closed","ping_status":"open","template":"","meta":{"ngg_post_thumbnail":0},"_links":{"self":[{"href":"http:\/\/www.petervuust.dk\/index.php?rest_route=\/wp\/v2\/pages\/1120"}],"collection":[{"href":"http:\/\/www.petervuust.dk\/index.php?rest_route=\/wp\/v2\/pages"}],"about":[{"href":"http:\/\/www.petervuust.dk\/index.php?rest_route=\/wp\/v2\/types\/page"}],"author":[{"embeddable":true,"href":"http:\/\/www.petervuust.dk\/index.php?rest_route=\/wp\/v2\/users\/1"}],"replies":[{"embeddable":true,"href":"http:\/\/www.petervuust.dk\/index.php?rest_route=%2Fwp%2Fv2%2Fcomments&post=1120"}],"version-history":[{"count":1,"href":"http:\/\/www.petervuust.dk\/index.php?rest_route=\/wp\/v2\/pages\/1120\/revisions"}],"predecessor-version":[{"id":1121,"href":"http:\/\/www.petervuust.dk\/index.php?rest_route=\/wp\/v2\/pages\/1120\/revisions\/1121"}],"up":[{"embeddable":true,"href":"http:\/\/www.petervuust.dk\/index.php?rest_route=\/wp\/v2\/pages\/28"}],"wp:attachment":[{"href":"http:\/\/www.petervuust.dk\/index.php?rest_route=%2Fwp%2Fv2%2Fmedia&parent=1120"}],"curies":[{"name":"wp","href":"https:\/\/api.w.org\/{rel}","templated":true}]}}