{"id":28,"date":"2010-10-26T13:37:07","date_gmt":"2010-10-26T12:37:07","guid":{"rendered":"http:\/\/www.petervuust.dk\/?page_id=28"},"modified":"2024-10-21T11:31:49","modified_gmt":"2024-10-21T10:31:49","slug":"lectures","status":"publish","type":"page","link":"http:\/\/www.petervuust.dk\/?page_id=28","title":{"rendered":"Lectures\/Foredrag"},"content":{"rendered":"\n<p><strong>For bookning af foredrag send en mail til petervuust@gmail.com.<\/strong><\/p>\n\n\n\n<h2>Foredrag med musik<\/h2>\n\n\n\n<p>Peter Vuust er en efterspurgt foredragsholder og holder ofte foredrag, hvor han supplerer det talte ord med sin kontrabas. Vekselvirkningen mellem ord og musik giver nye og sp\u00e6ndende vinkler p\u00e5 hans budskaber, f.eks. n\u00e5r det handler om improvisation og om hvordan jazzmusikere kommunikerer med hinanden gennem musikken.<\/p>\n\n\n\n<p class=\"has-text-align-left\">Herunder er listet en r\u00e6kke af de andre foredrag som afholdes. Klik p\u00e5 billederne for l\u00e6ngere beskrivelser af de enkelte foredrag.<\/p>\n\n\n\n<p class=\"has-text-align-left has-small-font-size\">NB: Alle foredrag kr\u00e6ver adgang til projektor, lyd og klaver.<br><strong>For bookning af foredrag send en mail til petervuust@gmail.com<\/strong><\/p>\n\n\n\n<div class=\"wp-block-image\"><figure class=\"alignleft\"><a href=\"http:\/\/www.petervuust.dk\/?page_id=1110\"><img loading=\"lazy\" width=\"2563\" height=\"1028\" src=\"http:\/\/www.petervuust.dk\/wp-content\/uploads\/2014\/09\/Musik-p\u00e5-Hjernen.jpg\" alt=\"\" class=\"wp-image-1062\" title=\"Musik p\u00e5 Hjernen\" srcset=\"http:\/\/www.petervuust.dk\/wp-content\/uploads\/2014\/09\/Musik-p\u00e5-Hjernen.jpg 2563w, http:\/\/www.petervuust.dk\/wp-content\/uploads\/2014\/09\/Musik-p\u00e5-Hjernen-300x120.jpg 300w, http:\/\/www.petervuust.dk\/wp-content\/uploads\/2014\/09\/Musik-p\u00e5-Hjernen-1024x410.jpg 1024w, http:\/\/www.petervuust.dk\/wp-content\/uploads\/2014\/09\/Musik-p\u00e5-Hjernen-150x60.jpg 150w, http:\/\/www.petervuust.dk\/wp-content\/uploads\/2014\/09\/Musik-p\u00e5-Hjernen-400x160.jpg 400w\" sizes=\"(max-width: 2563px) 100vw, 2563px\" \/><\/a><\/figure><\/div>\n\n\n\n<div class=\"wp-block-image\"><figure class=\"alignleft\"><a href=\"http:\/\/www.petervuust.dk\/?page_id=1118\"><img loading=\"lazy\" width=\"2563\" height=\"1028\" src=\"http:\/\/www.petervuust.dk\/wp-content\/uploads\/2014\/09\/Lytte-L\u00e6re-Lede.jpg\" alt=\"\" class=\"wp-image-1065\" title=\"Lytte L\u00e6re Lede\" srcset=\"http:\/\/www.petervuust.dk\/wp-content\/uploads\/2014\/09\/Lytte-L\u00e6re-Lede.jpg 2563w, http:\/\/www.petervuust.dk\/wp-content\/uploads\/2014\/09\/Lytte-L\u00e6re-Lede-300x120.jpg 300w, http:\/\/www.petervuust.dk\/wp-content\/uploads\/2014\/09\/Lytte-L\u00e6re-Lede-1024x410.jpg 1024w, http:\/\/www.petervuust.dk\/wp-content\/uploads\/2014\/09\/Lytte-L\u00e6re-Lede-150x60.jpg 150w, http:\/\/www.petervuust.dk\/wp-content\/uploads\/2014\/09\/Lytte-L\u00e6re-Lede-400x160.jpg 400w\" sizes=\"(max-width: 2563px) 100vw, 2563px\" \/><\/a><\/figure><\/div>\n\n\n\n<div class=\"wp-block-image\"><figure class=\"alignleft\"><a href=\"http:\/\/www.petervuust.dk\/?page_id=1120\"><img loading=\"lazy\" width=\"2563\" height=\"1028\" src=\"http:\/\/www.petervuust.dk\/wp-content\/uploads\/2014\/09\/Om-at-\u00f8ve-sig.jpg\" alt=\"\" class=\"wp-image-1066\" title=\"Om at \u00f8ve sig\" srcset=\"http:\/\/www.petervuust.dk\/wp-content\/uploads\/2014\/09\/Om-at-\u00f8ve-sig.jpg 2563w, http:\/\/www.petervuust.dk\/wp-content\/uploads\/2014\/09\/Om-at-\u00f8ve-sig-300x120.jpg 300w, http:\/\/www.petervuust.dk\/wp-content\/uploads\/2014\/09\/Om-at-\u00f8ve-sig-1024x410.jpg 1024w, http:\/\/www.petervuust.dk\/wp-content\/uploads\/2014\/09\/Om-at-\u00f8ve-sig-150x60.jpg 150w, http:\/\/www.petervuust.dk\/wp-content\/uploads\/2014\/09\/Om-at-\u00f8ve-sig-400x160.jpg 400w\" sizes=\"(max-width: 2563px) 100vw, 2563px\" \/><\/a><\/figure><\/div>\n\n\n\n<div class=\"wp-block-image\"><figure class=\"alignleft is-resized\"><a href=\"http:\/\/www.petervuust.dk\/?page_id=1116\"><img loading=\"lazy\" src=\"http:\/\/www.petervuust.dk\/wp-content\/uploads\/2014\/09\/Kreativitet-og-Innovation.jpg\" alt=\"\" class=\"wp-image-1064\" width=\"717\" height=\"287\" title=\"Kreativitet og Innovation\" srcset=\"http:\/\/www.petervuust.dk\/wp-content\/uploads\/2014\/09\/Kreativitet-og-Innovation.jpg 2563w, http:\/\/www.petervuust.dk\/wp-content\/uploads\/2014\/09\/Kreativitet-og-Innovation-300x120.jpg 300w, http:\/\/www.petervuust.dk\/wp-content\/uploads\/2014\/09\/Kreativitet-og-Innovation-1024x410.jpg 1024w, http:\/\/www.petervuust.dk\/wp-content\/uploads\/2014\/09\/Kreativitet-og-Innovation-150x60.jpg 150w, http:\/\/www.petervuust.dk\/wp-content\/uploads\/2014\/09\/Kreativitet-og-Innovation-400x160.jpg 400w\" sizes=\"(max-width: 717px) 100vw, 717px\" \/><\/a><\/figure><\/div>\n\n\n\n<div class=\"wp-block-image\"><figure class=\"alignleft\"><a href=\"http:\/\/www.petervuust.dk\/?page_id=1122\"><img loading=\"lazy\" width=\"2563\" height=\"1028\" src=\"http:\/\/www.petervuust.dk\/wp-content\/uploads\/2014\/09\/Hvorfor-har-vi-musik.jpg\" alt=\"\" class=\"wp-image-1067\" title=\"Hvorfor har vi musik?\" srcset=\"http:\/\/www.petervuust.dk\/wp-content\/uploads\/2014\/09\/Hvorfor-har-vi-musik.jpg 2563w, http:\/\/www.petervuust.dk\/wp-content\/uploads\/2014\/09\/Hvorfor-har-vi-musik-300x120.jpg 300w, http:\/\/www.petervuust.dk\/wp-content\/uploads\/2014\/09\/Hvorfor-har-vi-musik-1024x410.jpg 1024w, http:\/\/www.petervuust.dk\/wp-content\/uploads\/2014\/09\/Hvorfor-har-vi-musik-150x60.jpg 150w, http:\/\/www.petervuust.dk\/wp-content\/uploads\/2014\/09\/Hvorfor-har-vi-musik-400x160.jpg 400w\" sizes=\"(max-width: 2563px) 100vw, 2563px\" \/><\/a><\/figure><\/div>\n\n\n\n<h2><span class=\"has-inline-color has-black-color\">Andre foredrag<\/span><\/h2>\n\n\n\n<p><strong>Musik p\u00e5 recept<br><\/strong>Har musik en helbredende effekt? Og har musik en gavnlig virkning p\u00e5 vores intelligens, trivsel og mentale sundhed? Peter Vuust giver i dette foredrag et overblik over de seneste \u00e5rs forskning i sammenh\u00e6ngen mellem musik og intelligens, sundhed og trivsel. Han fort\u00e6ller bl.a. om musiks virkning p\u00e5 vores smerteopfattelse og om hvorfor Parkinson-patienter har letter ved at bev\u00e6ge sig til musik.<\/p>\n\n\n\n<p><strong>Beatles p\u00e5 hjernen<br><\/strong><em>I dette foredrag stiller Peter Vuust skarpt p\u00e5 The Beatles. <\/em><em>Med udgangspunkt i generelle indsigter i samspillet mellem musik og hjerne, g\u00e5r Peter videre til udvalgte sange af The Beatles, i et fors\u00f8g p\u00e5 at finde et bud p\u00e5, hvorfor Beatles g\u00f8r os glade &#8211; eller hvad det nu er, der er p\u00e5 spil. Hvis du ogs\u00e5 holder meget af den sk\u00f8nne engelske band, eller blot \u00f8nsker at blive klogere p\u00e5, hvorfor noget musik kan g\u00f8re os s\u00e5 glade, s\u00e5 book dette foredrag med Peter Vuust.<\/em><\/p>\n\n\n\n<p><strong>Musik og f\u00e6llesskaber<br><\/strong><em>Musik har, s\u00e5 l\u00e6nge vi ved v\u00e6ret en stor del af menneskets liv. Is\u00e6r i perioder med store konflikter, sygdom og andre udfordringer har vi fundet hinanden ved at spille og synge sammen. Forskere har endnu ikke fundet en kultur uden musik, hvilket kunne tyde p\u00e5, at musik er essentielt for mennesket.<\/em><em>Men hvad betyder det egentligt for os, n\u00e5r vi synger sammen? Hvad sker der emotionelt og socialt? Og hvilke reaktioner sker der i hjernens bel\u00f8nningsnetv\u00e6rk, n\u00e5r vi er sammen om musik? Dette vil hjerneforsker og musiker Peter Vuust fort\u00e6lle om i sit foredrag: Musik og f\u00e6llesskaber.<\/em><\/p>\n\n\n\n<p><strong>Jazz p\u00e5 hjernen &#8211; <\/strong>Miles Davis<br><em>I dette foredrag fort\u00e6ller jazzmusiker og hjerneforsker Peter Vuust om, hvad jazz g\u00f8r ved os. Han tager udgangspunkt i jazzmusiker og komponist Miles Davis&#8217; musik. Jazz er en stilart, hvor improvisation har stor betydning &#8211; og s\u00e5 skal det bare swinge. Jazz kan b\u00e5de udfordre, berolige og drille lytteren. Men hvordan bearbejder vores hjerner rytmik og is\u00e6r uforudsigelig rytmik? Hvad sker der i hjernen, n\u00e5r musikken virkelig swinger? Hvad er polyrytmik egentlig, og hvordan tackles det af vores hjerner? Hvilke kemiske processer foreg\u00e5r i hjernen, n\u00e5r vi lytter til jazz?<\/em><\/p>\n\n\n\n<h3>Peter Vuust har bl.a. holdt foredrag ved:<\/h3>\n\n\n\n<ul><li>META Platforms Inc., Californien<\/li><li>LIVElab McMaster University, Hamilton<\/li><li>Deloitte, K\u00f8benhavn<\/li><li>Hearts and Minds Festival, Aarhus<\/li><li>Region Hovedstadens Ledelseskonference, K\u00f8benhavn<\/li><li>DEAs Partnerdag, K\u00f8benhavn<\/li><li>V\u00e6ksthus for Ledelses Udviklingscamp, Hiller\u00f8d<\/li><li>Kiropraktorernes Videnscenter, Middelfart<\/li><li>Erhverv og Innovation, Aarhus<\/li><li>Odder Gymnasium, Odder<\/li><li>Aarhus Teater, Aarhus<\/li><li>K\u00f8ge Musikskole, K\u00f8ge<\/li><li>Naturhistorisk Museum, Aarhus<\/li><li>Aalborg Universitet, Aalborg<\/li><li>Egmont H\u00f8jskole, Odder<\/li><\/ul>\n\n\n\n<p class=\"has-text-align-left\">&nbsp;<\/p>\n\n\n\n<p class=\"has-text-align-left\">&nbsp;<\/p>\n\n\n\n<h2>&nbsp;<\/h2>\n\n\n\n<h2>&nbsp;<\/h2>\n\n\n\n<h2>&nbsp;<\/h2>\n\n\n\n<h2>&nbsp;<\/h2>\n\n\n\n<h2>&nbsp;<\/h2>\n\n\n\n<h2>&nbsp;<\/h2>\n\n\n\n<h2>&nbsp;<\/h2>\n\n\n\n<h2>&nbsp;<\/h2>\n\n\n\n<h2>&nbsp;<\/h2>\n\n\n\n<h2>&nbsp;<\/h2>\n\n\n\n<h2>&nbsp;<\/h2>\n\n\n\n<p><\/p>\n\n\n\n<p><\/p>\n\n\n\n<p><\/p>\n","protected":false},"excerpt":{"rendered":"<p>For bookning af foredrag send en mail til petervuust@gmail.com. Foredrag med musik Peter Vuust er en efterspurgt foredragsholder og holder ofte foredrag, hvor han supplerer&#8230;<\/p>\n<div class=\"more-link-wrapper\"><a class=\"more-link\" href=\"http:\/\/www.petervuust.dk\/?page_id=28\">Continue Reading<span class=\"screen-reader-text\">Lectures\/Foredrag<\/span><\/a><\/div>\n","protected":false},"author":1,"featured_media":0,"parent":0,"menu_order":0,"comment_status":"closed","ping_status":"closed","template":"","meta":{"ngg_post_thumbnail":0},"_links":{"self":[{"href":"http:\/\/www.petervuust.dk\/index.php?rest_route=\/wp\/v2\/pages\/28"}],"collection":[{"href":"http:\/\/www.petervuust.dk\/index.php?rest_route=\/wp\/v2\/pages"}],"about":[{"href":"http:\/\/www.petervuust.dk\/index.php?rest_route=\/wp\/v2\/types\/page"}],"author":[{"embeddable":true,"href":"http:\/\/www.petervuust.dk\/index.php?rest_route=\/wp\/v2\/users\/1"}],"replies":[{"embeddable":true,"href":"http:\/\/www.petervuust.dk\/index.php?rest_route=%2Fwp%2Fv2%2Fcomments&post=28"}],"version-history":[{"count":171,"href":"http:\/\/www.petervuust.dk\/index.php?rest_route=\/wp\/v2\/pages\/28\/revisions"}],"predecessor-version":[{"id":1951,"href":"http:\/\/www.petervuust.dk\/index.php?rest_route=\/wp\/v2\/pages\/28\/revisions\/1951"}],"wp:attachment":[{"href":"http:\/\/www.petervuust.dk\/index.php?rest_route=%2Fwp%2Fv2%2Fmedia&parent=28"}],"curies":[{"name":"wp","href":"https:\/\/api.w.org\/{rel}","templated":true}]}}